{"id":186,"date":"2021-12-18T16:54:33","date_gmt":"2021-12-18T13:54:33","guid":{"rendered":"http:\/\/localhost\/wordpress\/event\/?page_id=186"},"modified":"2021-12-24T09:46:58","modified_gmt":"2021-12-24T06:46:58","slug":"contact-us","status":"publish","type":"page","link":"https:\/\/www.grcac.org\/?page_id=186","title":{"rendered":"\u0130leti\u015fim ve Ayd\u0131nlatma"},"content":{"rendered":"\n<p>Bize Yaz\u0131n &#8211; iletisim_at_grcac.org<br><br><a rel=\"noreferrer noopener\" href=\"https:\/\/www.grcac.org\/?page_id=837\" target=\"_blank\">GRCAC Etkinlik Kay\u0131t Formu<\/a><br><br><a rel=\"noreferrer noopener\" href=\"https:\/\/www.grcac.org\/?page_id=845\" target=\"_blank\">Etkinlik Ayd\u0131nlatma Metni<\/a><br><br><a rel=\"noreferrer noopener\" href=\"https:\/\/isaca-ankara.org\/bize-ulasin\/iletisim\/\" target=\"_blank\">ISACA Ankara Chapter  &#8211; \u0130leti\u015fim Formu<\/a><br><\/p>\n","protected":false},"excerpt":{"rendered":"<p>Bize Yaz\u0131n &#8211; iletisim_at_grcac.org GRCAC Etkinlik Kay\u0131t Formu Etkinlik Ayd\u0131nlatma Metni ISACA Ankara Chapter &#8211; \u0130leti\u015fim Formu<\/p>\n","protected":false},"author":2,"featured_media":850,"parent":0,"menu_order":0,"comment_status":"closed","ping_status":"closed","template":"","meta":{"footnotes":""},"class_list":["post-186","page","type-page","status-publish","has-post-thumbnail","hentry"],"_links":{"self":[{"href":"https:\/\/www.grcac.org\/index.php?rest_route=\/wp\/v2\/pages\/186","targetHints":{"allow":["GET"]}}],"collection":[{"href":"https:\/\/www.grcac.org\/index.php?rest_route=\/wp\/v2\/pages"}],"about":[{"href":"https:\/\/www.grcac.org\/index.php?rest_route=\/wp\/v2\/types\/page"}],"author":[{"embeddable":true,"href":"https:\/\/www.grcac.org\/index.php?rest_route=\/wp\/v2\/users\/2"}],"replies":[{"embeddable":true,"href":"https:\/\/www.grcac.org\/index.php?rest_route=%2Fwp%2Fv2%2Fcomments&post=186"}],"version-history":[{"count":0,"href":"https:\/\/www.grcac.org\/index.php?rest_route=\/wp\/v2\/pages\/186\/revisions"}],"wp:featuredmedia":[{"embeddable":true,"href":"https:\/\/www.grcac.org\/index.php?rest_route=\/wp\/v2\/media\/850"}],"wp:attachment":[{"href":"https:\/\/www.grcac.org\/index.php?rest_route=%2Fwp%2Fv2%2Fmedia&parent=186"}],"curies":[{"name":"wp","href":"https:\/\/api.w.org\/{rel}","templated":true}]}}