{"id":29,"date":"2021-12-18T16:56:46","date_gmt":"2021-12-18T13:56:46","guid":{"rendered":"http:\/\/localhost\/wordpress\/event\/?page_id=29"},"modified":"2021-12-25T08:26:20","modified_gmt":"2021-12-25T05:26:20","slug":"excellent-organisational-skills","status":"publish","type":"page","link":"https:\/\/www.grcac.org\/?page_id=29","title":{"rendered":"D\u00fczenleyen ve Destekleyenler"},"content":{"rendered":"\n<div class=\"wp-block-columns is-layout-flex wp-container-core-columns-is-layout-9d6595d7 wp-block-columns-is-layout-flex\">\n<div class=\"wp-block-column is-layout-flow wp-block-column-is-layout-flow\" style=\"flex-basis:100%\">\n<div class=\"wp-block-columns is-layout-flex wp-container-core-columns-is-layout-9d6595d7 wp-block-columns-is-layout-flex\">\n<div class=\"wp-block-column is-layout-flow wp-block-column-is-layout-flow\">\n<p><strong>D\u00dcZENLEYEN<\/strong><\/p>\n\n\n\n<figure class=\"wp-block-image size-large is-resized\"><a href=\"https:\/\/www.isaca-ankara.org\" target=\"_blank\" rel=\"noopener\"><img loading=\"lazy\" decoding=\"async\" src=\"https:\/\/www.grcac.org\/wp-content\/uploads\/2021\/12\/ISACA-Ankara-1024x604.jpeg\" alt=\"\" class=\"wp-image-867\" width=\"267\" height=\"157\" srcset=\"https:\/\/www.grcac.org\/wp-content\/uploads\/2021\/12\/ISACA-Ankara-1024x604.jpeg 1024w, https:\/\/www.grcac.org\/wp-content\/uploads\/2021\/12\/ISACA-Ankara-300x177.jpeg 300w, https:\/\/www.grcac.org\/wp-content\/uploads\/2021\/12\/ISACA-Ankara-768x453.jpeg 768w, https:\/\/www.grcac.org\/wp-content\/uploads\/2021\/12\/ISACA-Ankara-1536x906.jpeg 1536w, https:\/\/www.grcac.org\/wp-content\/uploads\/2021\/12\/ISACA-Ankara.jpeg 1600w\" sizes=\"auto, (max-width: 267px) 100vw, 267px\" \/><\/a><\/figure>\n\n\n\n<p> <\/p>\n\n\n\n<p><\/p>\n\n\n\n<p><\/p>\n\n\n\n<p><\/p>\n\n\n\n<p><\/p>\n\n\n\n<p><strong>DESTEKLEYENLER ve KATKIDA BULUNANLAR<\/strong> (alfabetik s\u0131ra ile)<\/p>\n<\/div>\n\n\n\n<div class=\"wp-block-column is-layout-flow wp-block-column-is-layout-flow\">\n<p><strong>ANA DESTEK\u00c7\u0130<\/strong><\/p>\n\n\n\n<figure class=\"wp-block-image size-full is-resized\"><a href=\"https:\/\/cbddo.gov.tr\/\" target=\"_blank\" rel=\"noopener\"><img loading=\"lazy\" decoding=\"async\" src=\"https:\/\/www.grcac.org\/wp-content\/uploads\/2021\/12\/CB-DijitalDonusumOfisi-logo.png\" alt=\"\" class=\"wp-image-866\" width=\"489\" height=\"155\" srcset=\"https:\/\/www.grcac.org\/wp-content\/uploads\/2021\/12\/CB-DijitalDonusumOfisi-logo.png 926w, https:\/\/www.grcac.org\/wp-content\/uploads\/2021\/12\/CB-DijitalDonusumOfisi-logo-300x95.png 300w, https:\/\/www.grcac.org\/wp-content\/uploads\/2021\/12\/CB-DijitalDonusumOfisi-logo-768x244.png 768w\" sizes=\"auto, (max-width: 489px) 100vw, 489px\" \/><\/a><\/figure>\n\n\n\n<p> <\/p>\n<\/div>\n<\/div>\n<\/div>\n<\/div>\n\n\n\n<div class=\"wp-block-columns is-layout-flex wp-container-core-columns-is-layout-9d6595d7 wp-block-columns-is-layout-flex\">\n<div class=\"wp-block-column is-layout-flow wp-block-column-is-layout-flow\">\n<div class=\"wp-block-image\"><figure class=\"aligncenter size-full is-resized\"><a href=\"https:\/\/www.ckenerji.com.tr\/\" target=\"_blank\" rel=\"noopener\"><img loading=\"lazy\" decoding=\"async\" src=\"https:\/\/www.grcac.org\/wp-content\/uploads\/2021\/12\/ck-enerji.png\" alt=\"\" class=\"wp-image-868\" width=\"213\" height=\"157\" srcset=\"https:\/\/www.grcac.org\/wp-content\/uploads\/2021\/12\/ck-enerji.png 416w, https:\/\/www.grcac.org\/wp-content\/uploads\/2021\/12\/ck-enerji-300x222.png 300w\" sizes=\"auto, (max-width: 213px) 100vw, 213px\" \/><\/a><\/figure><\/div>\n<\/div>\n\n\n\n<div class=\"wp-block-column is-layout-flow wp-block-column-is-layout-flow\">\n<div class=\"wp-block-image\"><figure class=\"aligncenter size-full\"><a href=\"https:\/\/denetik.com\/\" target=\"_blank\" rel=\"noopener\"><img loading=\"lazy\" decoding=\"async\" width=\"372\" height=\"154\" src=\"https:\/\/www.grcac.org\/wp-content\/uploads\/2021\/12\/denetik.png\" alt=\"\" class=\"wp-image-869\" srcset=\"https:\/\/www.grcac.org\/wp-content\/uploads\/2021\/12\/denetik.png 372w, https:\/\/www.grcac.org\/wp-content\/uploads\/2021\/12\/denetik-300x124.png 300w\" sizes=\"auto, (max-width: 372px) 100vw, 372px\" \/><\/a><\/figure><\/div>\n<\/div>\n\n\n\n<div class=\"wp-block-column is-layout-flow wp-block-column-is-layout-flow\">\n<div class=\"wp-block-image\"><figure class=\"aligncenter size-full\"><a href=\"https:\/\/www.enerjisa.com.tr\/\" target=\"_blank\" rel=\"noopener\"><img loading=\"lazy\" decoding=\"async\" width=\"572\" height=\"160\" src=\"https:\/\/www.grcac.org\/wp-content\/uploads\/2021\/12\/enerjiSA.png\" alt=\"\" class=\"wp-image-870\" srcset=\"https:\/\/www.grcac.org\/wp-content\/uploads\/2021\/12\/enerjiSA.png 572w, https:\/\/www.grcac.org\/wp-content\/uploads\/2021\/12\/enerjiSA-300x84.png 300w\" sizes=\"auto, (max-width: 572px) 100vw, 572px\" \/><\/a><\/figure><\/div>\n<\/div>\n<\/div>\n\n\n\n<div class=\"wp-block-columns is-layout-flex wp-container-core-columns-is-layout-9d6595d7 wp-block-columns-is-layout-flex\">\n<div class=\"wp-block-column is-layout-flow wp-block-column-is-layout-flow\">\n<div class=\"wp-block-image\"><figure class=\"aligncenter size-large is-resized\"><a href=\"https:\/\/www.istanbulbarosu.org.tr\/FooterContent.aspx?ID=116&amp;Desc=Ki%C5%9Fisel-Verilerin-Korunmas%C4%B1-Komisyonu\" target=\"_blank\" rel=\"noopener\"><img loading=\"lazy\" decoding=\"async\" src=\"https:\/\/www.grcac.org\/wp-content\/uploads\/2021\/12\/logobaroarkaplansiz-982x1024.png\" alt=\"\" class=\"wp-image-871\" width=\"147\" height=\"153\" srcset=\"https:\/\/www.grcac.org\/wp-content\/uploads\/2021\/12\/logobaroarkaplansiz-982x1024.png 982w, https:\/\/www.grcac.org\/wp-content\/uploads\/2021\/12\/logobaroarkaplansiz-288x300.png 288w, https:\/\/www.grcac.org\/wp-content\/uploads\/2021\/12\/logobaroarkaplansiz-768x801.png 768w, https:\/\/www.grcac.org\/wp-content\/uploads\/2021\/12\/logobaroarkaplansiz.png 1270w\" sizes=\"auto, (max-width: 147px) 100vw, 147px\" \/><\/a><\/figure><\/div>\n<\/div>\n\n\n\n<div class=\"wp-block-column is-layout-flow wp-block-column-is-layout-flow\">\n<div class=\"wp-block-image\"><figure class=\"aligncenter size-full is-resized\"><a href=\"https:\/\/itgovernanceturkey.com\/?lang=tr\" target=\"_blank\" rel=\"noopener\"><img loading=\"lazy\" decoding=\"async\" src=\"https:\/\/www.grcac.org\/wp-content\/uploads\/2021\/12\/it-governance.jpg\" alt=\"\" class=\"wp-image-872\" width=\"149\" height=\"149\" srcset=\"https:\/\/www.grcac.org\/wp-content\/uploads\/2021\/12\/it-governance.jpg 400w, https:\/\/www.grcac.org\/wp-content\/uploads\/2021\/12\/it-governance-300x300.jpg 300w, https:\/\/www.grcac.org\/wp-content\/uploads\/2021\/12\/it-governance-150x150.jpg 150w\" sizes=\"auto, (max-width: 149px) 100vw, 149px\" \/><\/a><\/figure><\/div>\n<\/div>\n\n\n\n<div class=\"wp-block-column is-layout-flow wp-block-column-is-layout-flow\">\n<div class=\"wp-block-image\"><figure class=\"aligncenter size-full is-resized\"><a href=\"https:\/\/kurumsalyonetisim.org\/\" target=\"_blank\" rel=\"noopener\"><img loading=\"lazy\" decoding=\"async\" src=\"https:\/\/www.grcac.org\/wp-content\/uploads\/2021\/12\/kurumsal-yonetisim-dernegi.jpg\" alt=\"\" class=\"wp-image-873\" width=\"173\" height=\"173\" srcset=\"https:\/\/www.grcac.org\/wp-content\/uploads\/2021\/12\/kurumsal-yonetisim-dernegi.jpg 400w, https:\/\/www.grcac.org\/wp-content\/uploads\/2021\/12\/kurumsal-yonetisim-dernegi-300x300.jpg 300w, https:\/\/www.grcac.org\/wp-content\/uploads\/2021\/12\/kurumsal-yonetisim-dernegi-150x150.jpg 150w\" sizes=\"auto, (max-width: 173px) 100vw, 173px\" \/><\/a><\/figure><\/div>\n<\/div>\n<\/div>\n\n\n\n<div class=\"wp-block-columns is-layout-flex wp-container-core-columns-is-layout-9d6595d7 wp-block-columns-is-layout-flex\">\n<div class=\"wp-block-column is-layout-flow wp-block-column-is-layout-flow\">\n<div class=\"wp-block-image\"><figure class=\"aligncenter size-full is-resized\"><a href=\"https:\/\/ozerlegal.com\/\" target=\"_blank\" rel=\"noopener\"><img loading=\"lazy\" decoding=\"async\" src=\"https:\/\/www.grcac.org\/wp-content\/uploads\/2021\/12\/ozer_wide_logo.png\" alt=\"\" class=\"wp-image-874\" width=\"234\" height=\"117\" srcset=\"https:\/\/www.grcac.org\/wp-content\/uploads\/2021\/12\/ozer_wide_logo.png 600w, https:\/\/www.grcac.org\/wp-content\/uploads\/2021\/12\/ozer_wide_logo-300x150.png 300w\" sizes=\"auto, (max-width: 234px) 100vw, 234px\" \/><\/a><\/figure><\/div>\n<\/div>\n\n\n\n<div class=\"wp-block-column is-layout-flow wp-block-column-is-layout-flow\">\n<div class=\"wp-block-image\"><figure class=\"aligncenter size-full is-resized\"><a href=\"https:\/\/proks.co\/\" target=\"_blank\" rel=\"noopener\"><img loading=\"lazy\" decoding=\"async\" src=\"https:\/\/www.grcac.org\/wp-content\/uploads\/2021\/12\/proks.png\" alt=\"\" class=\"wp-image-875\" width=\"178\" height=\"122\" srcset=\"https:\/\/www.grcac.org\/wp-content\/uploads\/2021\/12\/proks.png 336w, https:\/\/www.grcac.org\/wp-content\/uploads\/2021\/12\/proks-300x207.png 300w\" sizes=\"auto, (max-width: 178px) 100vw, 178px\" \/><\/a><\/figure><\/div>\n<\/div>\n\n\n\n<div class=\"wp-block-column is-layout-flow wp-block-column-is-layout-flow\"><\/div>\n<\/div>\n","protected":false},"excerpt":{"rendered":"<p>D\u00dcZENLEYEN DESTEKLEYENLER ve KATKIDA BULUNANLAR (alfabetik s\u0131ra ile) ANA DESTEK\u00c7\u0130<\/p>\n","protected":false},"author":2,"featured_media":880,"parent":34,"menu_order":0,"comment_status":"closed","ping_status":"closed","template":"","meta":{"footnotes":""},"class_list":["post-29","page","type-page","status-publish","has-post-thumbnail","hentry"],"_links":{"self":[{"href":"https:\/\/www.grcac.org\/index.php?rest_route=\/wp\/v2\/pages\/29","targetHints":{"allow":["GET"]}}],"collection":[{"href":"https:\/\/www.grcac.org\/index.php?rest_route=\/wp\/v2\/pages"}],"about":[{"href":"https:\/\/www.grcac.org\/index.php?rest_route=\/wp\/v2\/types\/page"}],"author":[{"embeddable":true,"href":"https:\/\/www.grcac.org\/index.php?rest_route=\/wp\/v2\/users\/2"}],"replies":[{"embeddable":true,"href":"https:\/\/www.grcac.org\/index.php?rest_route=%2Fwp%2Fv2%2Fcomments&post=29"}],"version-history":[{"count":0,"href":"https:\/\/www.grcac.org\/index.php?rest_route=\/wp\/v2\/pages\/29\/revisions"}],"up":[{"embeddable":true,"href":"https:\/\/www.grcac.org\/index.php?rest_route=\/wp\/v2\/pages\/34"}],"wp:featuredmedia":[{"embeddable":true,"href":"https:\/\/www.grcac.org\/index.php?rest_route=\/wp\/v2\/media\/880"}],"wp:attachment":[{"href":"https:\/\/www.grcac.org\/index.php?rest_route=%2Fwp%2Fv2%2Fmedia&parent=29"}],"curies":[{"name":"wp","href":"https:\/\/api.w.org\/{rel}","templated":true}]}}